{"id":98,"date":"2023-10-12T18:21:41","date_gmt":"2023-10-12T18:21:41","guid":{"rendered":"https:\/\/eei-ks.org\/?page_id=98"},"modified":"2023-10-12T18:26:19","modified_gmt":"2023-10-12T18:26:19","slug":"activity","status":"publish","type":"page","link":"https:\/\/eei-ks.org\/?page_id=98","title":{"rendered":"Activity"},"content":{"rendered":"\n\n\n\n\n\n\n<div class=\"pt-cv-wrapper\"><div class=\"pt-cv-view pt-cv-grid pt-cv-colsys\" id=\"pt-cv-view-86446f7d9c\"><div data-id=\"pt-cv-page-1\" class=\"pt-cv-page\" data-cvc=\"2\"><div class=\"col-md-6 col-sm-6 col-xs-12 pt-cv-content-item pt-cv-1-col\" ><div class='pt-cv-ifield'><a href=\"https:\/\/eei-ks.org\/?p=562\" class=\"_self pt-cv-href-thumbnail pt-cv-thumb-default\" target=\"_self\" ><img loading=\"lazy\" decoding=\"async\" width=\"300\" height=\"200\" src=\"https:\/\/eei-ks.org\/wp-content\/uploads\/2026\/04\/1111-1-300x200.jpg\" class=\"pt-cv-thumbnail\" alt=\"\" srcset=\"https:\/\/eei-ks.org\/wp-content\/uploads\/2026\/04\/1111-1-300x200.jpg 300w, https:\/\/eei-ks.org\/wp-content\/uploads\/2026\/04\/1111-1-1024x683.jpg 1024w, https:\/\/eei-ks.org\/wp-content\/uploads\/2026\/04\/1111-1-768x512.jpg 768w, https:\/\/eei-ks.org\/wp-content\/uploads\/2026\/04\/1111-1-1536x1024.jpg 1536w, https:\/\/eei-ks.org\/wp-content\/uploads\/2026\/04\/1111-1.jpg 2048w\" sizes=\"auto, (max-width: 300px) 100vw, 300px\" \/><\/a>\n<h4 class=\"pt-cv-title\"><a href=\"https:\/\/eei-ks.org\/?p=562\" class=\"_self\" target=\"_self\" >Projekti \u201cEdukimi Mediatik \u2013 Ekspertiza Nordike\u201d vazhdon n\u00eb Podujev\u00eb<\/a><\/h4>\n<div class=\"pt-cv-content\">Zbatimi i projektit \u201cEdukimi Mediatik \u2013 Ekspertiza Nordike n\u00eb Kosov\u00eb\u201d ka vazhduar edhe n\u00eb Komun\u00ebn e Podujev\u00ebs, ku pat\u00ebm k\u00ebnaq\u00ebsin\u00eb ...<br \/><div class=\"pt-cv-rmwrap\"><a href=\"https:\/\/eei-ks.org\/?p=562\" class=\"_self pt-cv-readmore btn btn-success\" target=\"_self\">Read More<\/a><\/div><\/div><\/div><\/div>\n<div class=\"col-md-6 col-sm-6 col-xs-12 pt-cv-content-item pt-cv-1-col\" ><div class='pt-cv-ifield'><a href=\"https:\/\/eei-ks.org\/?p=543\" class=\"_self pt-cv-href-thumbnail pt-cv-thumb-default\" target=\"_self\" ><img loading=\"lazy\" decoding=\"async\" width=\"300\" height=\"198\" src=\"https:\/\/eei-ks.org\/wp-content\/uploads\/2026\/04\/77710-300x198.jpg\" class=\"pt-cv-thumbnail\" alt=\"\" srcset=\"https:\/\/eei-ks.org\/wp-content\/uploads\/2026\/04\/77710-300x198.jpg 300w, https:\/\/eei-ks.org\/wp-content\/uploads\/2026\/04\/77710-1024x677.jpg 1024w, https:\/\/eei-ks.org\/wp-content\/uploads\/2026\/04\/77710-768x508.jpg 768w, https:\/\/eei-ks.org\/wp-content\/uploads\/2026\/04\/77710.jpg 1080w\" sizes=\"auto, (max-width: 300px) 100vw, 300px\" \/><\/a>\n<h4 class=\"pt-cv-title\"><a href=\"https:\/\/eei-ks.org\/?p=543\" class=\"_self\" target=\"_self\" >Vizit\u00eb me Ambasadoren e Finland\u00ebs n\u00eb Prizren p\u00ebr avancimin e arsimit dhe edukimit medial<\/a><\/h4>\n<div class=\"pt-cv-content\">S\u00eb bashku me Ambasadoren e Finland\u00ebs, Sh.S. Eevamari Laaksonen, vizituam shkoll\u00ebn \u201cGani Saramati\u201d n\u00eb Prizren, ku zhvilluam nj\u00eb diskutim frym\u00ebzues ...<br \/><div class=\"pt-cv-rmwrap\"><a href=\"https:\/\/eei-ks.org\/?p=543\" class=\"_self pt-cv-readmore btn btn-success\" target=\"_self\">Read More<\/a><\/div><\/div><\/div><\/div>\n<div class=\"col-md-6 col-sm-6 col-xs-12 pt-cv-content-item pt-cv-1-col\" ><div class='pt-cv-ifield'><a href=\"https:\/\/eei-ks.org\/?p=525\" class=\"_self pt-cv-href-thumbnail pt-cv-thumb-default\" target=\"_self\" ><img loading=\"lazy\" decoding=\"async\" width=\"228\" height=\"300\" src=\"https:\/\/eei-ks.org\/wp-content\/uploads\/2026\/04\/44442-228x300.jpg\" class=\"pt-cv-thumbnail\" alt=\"\" srcset=\"https:\/\/eei-ks.org\/wp-content\/uploads\/2026\/04\/44442-228x300.jpg 228w, https:\/\/eei-ks.org\/wp-content\/uploads\/2026\/04\/44442-778x1024.jpg 778w, https:\/\/eei-ks.org\/wp-content\/uploads\/2026\/04\/44442-768x1011.jpg 768w, https:\/\/eei-ks.org\/wp-content\/uploads\/2026\/04\/44442-1167x1536.jpg 1167w, https:\/\/eei-ks.org\/wp-content\/uploads\/2026\/04\/44442.jpg 1415w\" sizes=\"auto, (max-width: 228px) 100vw, 228px\" \/><\/a>\n<h4 class=\"pt-cv-title\"><a href=\"https:\/\/eei-ks.org\/?p=525\" class=\"_self\" target=\"_self\" >EEI pjes\u00eb e Jav\u00ebs Globale t\u00eb Edukimit Medial dhe Informativ<\/a><\/h4>\n<div class=\"pt-cv-content\">N\u00eb kuad\u00ebr t\u00eb Jav\u00ebs Globale t\u00eb Edukimit Medial dhe Informativ, Education Empowerment Initiative (EEI) mori pjes\u00eb n\u00eb pun\u00ebtorin\u00eb \u201cDemystifying Your ...<br \/><div class=\"pt-cv-rmwrap\"><a href=\"https:\/\/eei-ks.org\/?p=525\" class=\"_self pt-cv-readmore btn btn-success\" target=\"_self\">Read More<\/a><\/div><\/div><\/div><\/div>\n<div class=\"col-md-6 col-sm-6 col-xs-12 pt-cv-content-item pt-cv-1-col\" ><div class='pt-cv-ifield'><a href=\"https:\/\/eei-ks.org\/?p=516\" class=\"_self pt-cv-href-thumbnail pt-cv-thumb-default\" target=\"_self\" ><img loading=\"lazy\" decoding=\"async\" width=\"225\" height=\"300\" src=\"https:\/\/eei-ks.org\/wp-content\/uploads\/2026\/04\/22223-225x300.jpg\" class=\"pt-cv-thumbnail\" alt=\"\" srcset=\"https:\/\/eei-ks.org\/wp-content\/uploads\/2026\/04\/22223-225x300.jpg 225w, https:\/\/eei-ks.org\/wp-content\/uploads\/2026\/04\/22223-768x1024.jpg 768w, https:\/\/eei-ks.org\/wp-content\/uploads\/2026\/04\/22223-1152x1536.jpg 1152w, https:\/\/eei-ks.org\/wp-content\/uploads\/2026\/04\/22223.jpg 1200w\" sizes=\"auto, (max-width: 225px) 100vw, 225px\" \/><\/a>\n<h4 class=\"pt-cv-title\"><a href=\"https:\/\/eei-ks.org\/?p=516\" class=\"_self\" target=\"_self\" >Takim Strategjik me Komun\u00ebn e Preshev\u00ebs<\/a><\/h4>\n<div class=\"pt-cv-content\">Drejtoresha e Education Empowerment Initiative (EEI), znj. Blerta Aliu Ahmeti, zhvilloi sot nj\u00eb takim zyrtar me Kryetaren e Komun\u00ebs s\u00eb ...<br \/><div class=\"pt-cv-rmwrap\"><a href=\"https:\/\/eei-ks.org\/?p=516\" class=\"_self pt-cv-readmore btn btn-success\" target=\"_self\">Read More<\/a><\/div><\/div><\/div><\/div>\n<div class=\"col-md-6 col-sm-6 col-xs-12 pt-cv-content-item pt-cv-1-col\" ><div class='pt-cv-ifield'><a href=\"https:\/\/eei-ks.org\/?p=511\" class=\"_self pt-cv-href-thumbnail pt-cv-thumb-default\" target=\"_self\" ><img loading=\"lazy\" decoding=\"async\" width=\"300\" height=\"216\" src=\"https:\/\/eei-ks.org\/wp-content\/uploads\/2026\/04\/1111-300x216.jpg\" class=\"pt-cv-thumbnail\" alt=\"\" srcset=\"https:\/\/eei-ks.org\/wp-content\/uploads\/2026\/04\/1111-300x216.jpg 300w, https:\/\/eei-ks.org\/wp-content\/uploads\/2026\/04\/1111-1024x736.jpg 1024w, https:\/\/eei-ks.org\/wp-content\/uploads\/2026\/04\/1111-768x552.jpg 768w, https:\/\/eei-ks.org\/wp-content\/uploads\/2026\/04\/1111.jpg 1396w\" sizes=\"auto, (max-width: 300px) 100vw, 300px\" \/><\/a>\n<h4 class=\"pt-cv-title\"><a href=\"https:\/\/eei-ks.org\/?p=511\" class=\"_self\" target=\"_self\" >Takim frytdh\u00ebn\u00ebs me Komun\u00ebn e Podujev\u00ebs<\/a><\/h4>\n<div class=\"pt-cv-content\">P\u00ebrfaq\u00ebsuesit e Education Empowerment Initiative (EEI) zhvilluan sot nj\u00eb takim zyrtar me N\u00ebnkryetaren e Komun\u00ebs s\u00eb Podujev\u00ebs, znj. Marigone Lahu ...<br \/><div class=\"pt-cv-rmwrap\"><a href=\"https:\/\/eei-ks.org\/?p=511\" class=\"_self pt-cv-readmore btn btn-success\" target=\"_self\">Read More<\/a><\/div><\/div><\/div><\/div>\n<div class=\"col-md-6 col-sm-6 col-xs-12 pt-cv-content-item pt-cv-1-col\" ><div class='pt-cv-ifield'><a href=\"https:\/\/eei-ks.org\/?p=457\" class=\"_self pt-cv-href-thumbnail pt-cv-thumb-default\" target=\"_self\" ><img loading=\"lazy\" decoding=\"async\" width=\"300\" height=\"200\" src=\"https:\/\/eei-ks.org\/wp-content\/uploads\/2025\/04\/491950333_122218403498040198_5430928822622702977_n-300x200.jpg\" class=\"pt-cv-thumbnail\" alt=\"\" srcset=\"https:\/\/eei-ks.org\/wp-content\/uploads\/2025\/04\/491950333_122218403498040198_5430928822622702977_n-300x200.jpg 300w, https:\/\/eei-ks.org\/wp-content\/uploads\/2025\/04\/491950333_122218403498040198_5430928822622702977_n-1024x681.jpg 1024w, https:\/\/eei-ks.org\/wp-content\/uploads\/2025\/04\/491950333_122218403498040198_5430928822622702977_n-768x511.jpg 768w, https:\/\/eei-ks.org\/wp-content\/uploads\/2025\/04\/491950333_122218403498040198_5430928822622702977_n-1536x1022.jpg 1536w, https:\/\/eei-ks.org\/wp-content\/uploads\/2025\/04\/491950333_122218403498040198_5430928822622702977_n.jpg 2048w\" sizes=\"auto, (max-width: 300px) 100vw, 300px\" \/><\/a>\n<h4 class=\"pt-cv-title\"><a href=\"https:\/\/eei-ks.org\/?p=457\" class=\"_self\" target=\"_self\" >EEI pjes\u00eb e konferenc\u00ebs -Mb\u00ebshtetje p\u00ebr Tranzicionin e Gjelb\u00ebr n\u00eb Kosov\u00eb<\/a><\/h4>\n<div class=\"pt-cv-content\">EEI pjes\u00eb e konferenc\u00ebs -Mb\u00ebshtetje p\u00ebr Tranzicionin e Gjelb\u00ebr n\u00eb Kosov\u00eb p\u00ebrmes Reformave t\u00eb Bazuara n\u00eb Politika, t\u00eb organizuar nga ...<br \/><div class=\"pt-cv-rmwrap\"><a href=\"https:\/\/eei-ks.org\/?p=457\" class=\"_self pt-cv-readmore btn btn-success\" target=\"_self\">Read More<\/a><\/div><\/div><\/div><\/div>\n<div class=\"col-md-6 col-sm-6 col-xs-12 pt-cv-content-item pt-cv-1-col\" ><div class='pt-cv-ifield'><a href=\"https:\/\/eei-ks.org\/?p=451\" class=\"_self pt-cv-href-thumbnail pt-cv-thumb-default\" target=\"_self\" ><img loading=\"lazy\" decoding=\"async\" width=\"225\" height=\"300\" src=\"https:\/\/eei-ks.org\/wp-content\/uploads\/2025\/04\/491932126_122217956624040198_3441656401829835932_n-225x300.jpg\" class=\"pt-cv-thumbnail\" alt=\"\" srcset=\"https:\/\/eei-ks.org\/wp-content\/uploads\/2025\/04\/491932126_122217956624040198_3441656401829835932_n-225x300.jpg 225w, https:\/\/eei-ks.org\/wp-content\/uploads\/2025\/04\/491932126_122217956624040198_3441656401829835932_n-768x1024.jpg 768w, https:\/\/eei-ks.org\/wp-content\/uploads\/2025\/04\/491932126_122217956624040198_3441656401829835932_n-1152x1536.jpg 1152w, https:\/\/eei-ks.org\/wp-content\/uploads\/2025\/04\/491932126_122217956624040198_3441656401829835932_n.jpg 1200w\" sizes=\"auto, (max-width: 225px) 100vw, 225px\" \/><\/a>\n<h4 class=\"pt-cv-title\"><a href=\"https:\/\/eei-ks.org\/?p=451\" class=\"_self\" target=\"_self\" >Pun\u00ebtori Edukative dhe Aktivitete n\u00eb SFMU &#8220;Xhemail Mustafa&#8221; Prishtin\u00eb<\/a><\/h4>\n<div class=\"pt-cv-content\">N\u00eb kuad\u00ebr t\u00eb projektit \u201cShkollat pa Vape \u2013 Siguria n\u00eb Shkolla\u201d, organizata Education Empowerment Initiative \u2013 EEI ka zhvilluar pun\u00ebtori ...<br \/><div class=\"pt-cv-rmwrap\"><a href=\"https:\/\/eei-ks.org\/?p=451\" class=\"_self pt-cv-readmore btn btn-success\" target=\"_self\">Read More<\/a><\/div><\/div><\/div><\/div>\n<div class=\"col-md-6 col-sm-6 col-xs-12 pt-cv-content-item pt-cv-1-col\" ><div class='pt-cv-ifield'><a href=\"https:\/\/eei-ks.org\/?p=447\" class=\"_self pt-cv-href-thumbnail pt-cv-thumb-default\" target=\"_self\" ><img loading=\"lazy\" decoding=\"async\" width=\"300\" height=\"288\" src=\"https:\/\/eei-ks.org\/wp-content\/uploads\/2025\/03\/486643333_122213374034040198_1309887028995530114_n-300x288.jpg\" class=\"pt-cv-thumbnail\" alt=\"\" srcset=\"https:\/\/eei-ks.org\/wp-content\/uploads\/2025\/03\/486643333_122213374034040198_1309887028995530114_n-300x288.jpg 300w, https:\/\/eei-ks.org\/wp-content\/uploads\/2025\/03\/486643333_122213374034040198_1309887028995530114_n-1024x983.jpg 1024w, https:\/\/eei-ks.org\/wp-content\/uploads\/2025\/03\/486643333_122213374034040198_1309887028995530114_n-768x737.jpg 768w, https:\/\/eei-ks.org\/wp-content\/uploads\/2025\/03\/486643333_122213374034040198_1309887028995530114_n.jpg 1037w\" sizes=\"auto, (max-width: 300px) 100vw, 300px\" \/><\/a>\n<h4 class=\"pt-cv-title\"><a href=\"https:\/\/eei-ks.org\/?p=447\" class=\"_self\" target=\"_self\" >Bashk\u00eb me M\u00ebsimdh\u00ebn\u00ebsit p\u00ebr nj\u00eb Ambient Shkollor t\u00eb Sigurt<\/a><\/h4>\n<div class=\"pt-cv-content\">N\u00eb kuad\u00ebr t\u00eb projektit \"Shkollat pa Vape \u2013 Siguria n\u00eb Shkolla\", organizata Education Empowerment Initiative (EEI) ka mbajtur nj\u00eb sesion ...<br \/><div class=\"pt-cv-rmwrap\"><a href=\"https:\/\/eei-ks.org\/?p=447\" class=\"_self pt-cv-readmore btn btn-success\" target=\"_self\">Read More<\/a><\/div><\/div><\/div><\/div>\n<div class=\"col-md-6 col-sm-6 col-xs-12 pt-cv-content-item pt-cv-1-col\" ><div class='pt-cv-ifield'><a href=\"https:\/\/eei-ks.org\/?p=434\" class=\"_self pt-cv-href-thumbnail pt-cv-thumb-default\" target=\"_self\" ><img loading=\"lazy\" decoding=\"async\" width=\"300\" height=\"225\" src=\"https:\/\/eei-ks.org\/wp-content\/uploads\/2025\/03\/Aktiviteti-5-mars-1-300x225.jpg\" class=\"pt-cv-thumbnail\" alt=\"\" srcset=\"https:\/\/eei-ks.org\/wp-content\/uploads\/2025\/03\/Aktiviteti-5-mars-1-300x225.jpg 300w, https:\/\/eei-ks.org\/wp-content\/uploads\/2025\/03\/Aktiviteti-5-mars-1-1024x768.jpg 1024w, https:\/\/eei-ks.org\/wp-content\/uploads\/2025\/03\/Aktiviteti-5-mars-1-768x576.jpg 768w, https:\/\/eei-ks.org\/wp-content\/uploads\/2025\/03\/Aktiviteti-5-mars-1-1536x1152.jpg 1536w, https:\/\/eei-ks.org\/wp-content\/uploads\/2025\/03\/Aktiviteti-5-mars-1.jpg 1600w\" sizes=\"auto, (max-width: 300px) 100vw, 300px\" \/><\/a>\n<h4 class=\"pt-cv-title\"><a href=\"https:\/\/eei-ks.org\/?p=434\" class=\"_self\" target=\"_self\" >Nd\u00ebrgjegj\u00ebsim dhe Edukim p\u00ebr nj\u00eb Mjedis Shkollor t\u00eb Sh\u00ebndetsh\u00ebm dhe pa Vape<\/a><\/h4>\n<div class=\"pt-cv-content\">N\u00eb kuad\u00ebr t\u00eb projektit \"Shkollat pa Vape \u2013 Siguria n\u00eb Shkolla\", organizata Education Empowerment Initiative (EEI) ka realizuar sesione nd\u00ebrgjegj\u00ebsuese ...<br \/><div class=\"pt-cv-rmwrap\"><a href=\"https:\/\/eei-ks.org\/?p=434\" class=\"_self pt-cv-readmore btn btn-success\" target=\"_self\">Read More<\/a><\/div><\/div><\/div><\/div>\n<div class=\"col-md-6 col-sm-6 col-xs-12 pt-cv-content-item pt-cv-1-col\" ><div class='pt-cv-ifield'><a href=\"https:\/\/eei-ks.org\/?p=411\" class=\"_self pt-cv-href-thumbnail pt-cv-thumb-default\" target=\"_self\" ><img loading=\"lazy\" decoding=\"async\" width=\"300\" height=\"200\" src=\"https:\/\/eei-ks.org\/wp-content\/uploads\/2024\/11\/eei123-1-300x200.jpg\" class=\"pt-cv-thumbnail\" alt=\"\" srcset=\"https:\/\/eei-ks.org\/wp-content\/uploads\/2024\/11\/eei123-1-300x200.jpg 300w, https:\/\/eei-ks.org\/wp-content\/uploads\/2024\/11\/eei123-1-1024x683.jpg 1024w, https:\/\/eei-ks.org\/wp-content\/uploads\/2024\/11\/eei123-1-768x512.jpg 768w, https:\/\/eei-ks.org\/wp-content\/uploads\/2024\/11\/eei123-1.jpg 1080w\" sizes=\"auto, (max-width: 300px) 100vw, 300px\" \/><\/a>\n<h4 class=\"pt-cv-title\"><a href=\"https:\/\/eei-ks.org\/?p=411\" class=\"_self\" target=\"_self\" >Dita Bot\u00ebrore e F\u00ebmij\u00ebve<\/a><\/h4>\n<div class=\"pt-cv-content\">Me ftes\u00eb t\u00eb Ambasadorit t\u00eb Finland\u00ebs, Education Empowerment Initiative (EEI) mori pjes\u00eb n\u00eb nj\u00eb aktivitet t\u00eb ve\u00e7ant\u00eb t\u00eb organizuar p\u00ebr ...<br \/><div class=\"pt-cv-rmwrap\"><a href=\"https:\/\/eei-ks.org\/?p=411\" class=\"_self pt-cv-readmore btn btn-success\" target=\"_self\">Read More<\/a><\/div><\/div><\/div><\/div><\/div><\/div><\/div>\n\n\n","protected":false},"excerpt":{"rendered":"","protected":false},"author":1,"featured_media":0,"parent":0,"menu_order":0,"comment_status":"closed","ping_status":"closed","template":"","meta":{"pagelayer_contact_templates":[],"_pagelayer_content":"","footnotes":""},"class_list":["post-98","page","type-page","status-publish","hentry"],"yoast_head":"<!-- This site is optimized with the Yoast SEO plugin v27.5 - https:\/\/yoast.com\/product\/yoast-seo-wordpress\/ -->\n<title>Activity - EEI - Education Empowerment Initiative<\/title>\n<meta name=\"robots\" content=\"index, follow, max-snippet:-1, max-image-preview:large, max-video-preview:-1\" \/>\n<link rel=\"canonical\" href=\"https:\/\/eei-ks.org\/?page_id=98\" \/>\n<meta property=\"og:locale\" content=\"en_US\" \/>\n<meta property=\"og:type\" content=\"article\" \/>\n<meta property=\"og:title\" content=\"Activity - EEI - Education Empowerment Initiative\" \/>\n<meta property=\"og:url\" content=\"https:\/\/eei-ks.org\/?page_id=98\" \/>\n<meta property=\"og:site_name\" content=\"EEI - Education Empowerment Initiative\" \/>\n<meta property=\"article:modified_time\" content=\"2023-10-12T18:26:19+00:00\" \/>\n<meta name=\"twitter:card\" content=\"summary_large_image\" \/>\n<script type=\"application\/ld+json\" class=\"yoast-schema-graph\">{\"@context\":\"https:\\\/\\\/schema.org\",\"@graph\":[{\"@type\":\"WebPage\",\"@id\":\"https:\\\/\\\/eei-ks.org\\\/?page_id=98\",\"url\":\"https:\\\/\\\/eei-ks.org\\\/?page_id=98\",\"name\":\"Activity - EEI - Education Empowerment Initiative\",\"isPartOf\":{\"@id\":\"https:\\\/\\\/eei-ks.org\\\/#website\"},\"datePublished\":\"2023-10-12T18:21:41+00:00\",\"dateModified\":\"2023-10-12T18:26:19+00:00\",\"breadcrumb\":{\"@id\":\"https:\\\/\\\/eei-ks.org\\\/?page_id=98#breadcrumb\"},\"inLanguage\":\"en-US\",\"potentialAction\":[{\"@type\":\"ReadAction\",\"target\":[\"https:\\\/\\\/eei-ks.org\\\/?page_id=98\"]}]},{\"@type\":\"BreadcrumbList\",\"@id\":\"https:\\\/\\\/eei-ks.org\\\/?page_id=98#breadcrumb\",\"itemListElement\":[{\"@type\":\"ListItem\",\"position\":1,\"name\":\"Home\",\"item\":\"https:\\\/\\\/eei-ks.org\\\/\"},{\"@type\":\"ListItem\",\"position\":2,\"name\":\"Activity\"}]},{\"@type\":\"WebSite\",\"@id\":\"https:\\\/\\\/eei-ks.org\\\/#website\",\"url\":\"https:\\\/\\\/eei-ks.org\\\/\",\"name\":\"EEI - Education Empowerment Initiative\",\"description\":\"\",\"potentialAction\":[{\"@type\":\"SearchAction\",\"target\":{\"@type\":\"EntryPoint\",\"urlTemplate\":\"https:\\\/\\\/eei-ks.org\\\/?s={search_term_string}\"},\"query-input\":{\"@type\":\"PropertyValueSpecification\",\"valueRequired\":true,\"valueName\":\"search_term_string\"}}],\"inLanguage\":\"en-US\"}]}<\/script>\n<!-- \/ Yoast SEO plugin. -->","yoast_head_json":{"title":"Activity - EEI - Education Empowerment Initiative","robots":{"index":"index","follow":"follow","max-snippet":"max-snippet:-1","max-image-preview":"max-image-preview:large","max-video-preview":"max-video-preview:-1"},"canonical":"https:\/\/eei-ks.org\/?page_id=98","og_locale":"en_US","og_type":"article","og_title":"Activity - EEI - Education Empowerment Initiative","og_url":"https:\/\/eei-ks.org\/?page_id=98","og_site_name":"EEI - Education Empowerment Initiative","article_modified_time":"2023-10-12T18:26:19+00:00","twitter_card":"summary_large_image","schema":{"@context":"https:\/\/schema.org","@graph":[{"@type":"WebPage","@id":"https:\/\/eei-ks.org\/?page_id=98","url":"https:\/\/eei-ks.org\/?page_id=98","name":"Activity - EEI - Education Empowerment Initiative","isPartOf":{"@id":"https:\/\/eei-ks.org\/#website"},"datePublished":"2023-10-12T18:21:41+00:00","dateModified":"2023-10-12T18:26:19+00:00","breadcrumb":{"@id":"https:\/\/eei-ks.org\/?page_id=98#breadcrumb"},"inLanguage":"en-US","potentialAction":[{"@type":"ReadAction","target":["https:\/\/eei-ks.org\/?page_id=98"]}]},{"@type":"BreadcrumbList","@id":"https:\/\/eei-ks.org\/?page_id=98#breadcrumb","itemListElement":[{"@type":"ListItem","position":1,"name":"Home","item":"https:\/\/eei-ks.org\/"},{"@type":"ListItem","position":2,"name":"Activity"}]},{"@type":"WebSite","@id":"https:\/\/eei-ks.org\/#website","url":"https:\/\/eei-ks.org\/","name":"EEI - Education Empowerment Initiative","description":"","potentialAction":[{"@type":"SearchAction","target":{"@type":"EntryPoint","urlTemplate":"https:\/\/eei-ks.org\/?s={search_term_string}"},"query-input":{"@type":"PropertyValueSpecification","valueRequired":true,"valueName":"search_term_string"}}],"inLanguage":"en-US"}]}},"_links":{"self":[{"href":"https:\/\/eei-ks.org\/index.php?rest_route=\/wp\/v2\/pages\/98","targetHints":{"allow":["GET"]}}],"collection":[{"href":"https:\/\/eei-ks.org\/index.php?rest_route=\/wp\/v2\/pages"}],"about":[{"href":"https:\/\/eei-ks.org\/index.php?rest_route=\/wp\/v2\/types\/page"}],"author":[{"embeddable":true,"href":"https:\/\/eei-ks.org\/index.php?rest_route=\/wp\/v2\/users\/1"}],"replies":[{"embeddable":true,"href":"https:\/\/eei-ks.org\/index.php?rest_route=%2Fwp%2Fv2%2Fcomments&post=98"}],"version-history":[{"count":3,"href":"https:\/\/eei-ks.org\/index.php?rest_route=\/wp\/v2\/pages\/98\/revisions"}],"predecessor-version":[{"id":105,"href":"https:\/\/eei-ks.org\/index.php?rest_route=\/wp\/v2\/pages\/98\/revisions\/105"}],"wp:attachment":[{"href":"https:\/\/eei-ks.org\/index.php?rest_route=%2Fwp%2Fv2%2Fmedia&parent=98"}],"curies":[{"name":"wp","href":"https:\/\/api.w.org\/{rel}","templated":true}]}}