{"id":18,"date":"2023-10-11T12:00:44","date_gmt":"2023-10-11T12:00:44","guid":{"rendered":"https:\/\/eei-ks.org\/?page_id=18"},"modified":"2023-12-28T10:43:03","modified_gmt":"2023-12-28T10:43:03","slug":"home","status":"publish","type":"page","link":"https:\/\/eei-ks.org\/","title":{"rendered":"Ballina"},"content":{"rendered":"\n\n\n\t\t<div class=\"wppsac-wrap wppsac-slick-slider-wrp wppsac-clearfix \" data-conf=\"{&quot;dots&quot;:&quot;true&quot;,&quot;arrows&quot;:&quot;true&quot;,&quot;autoplay&quot;:&quot;true&quot;,&quot;autoplay_interval&quot;:3000,&quot;speed&quot;:500,&quot;rtl&quot;:&quot;false&quot;,&quot;lazyload&quot;:&quot;&quot;}\">\r\n\t\t\t<div id=\"wppsac-post-slider-1\" class=\"wppsac-post-slider-init wppsac-post-slider design-4\">\r\n\t\t\t\t<div class=\"wppsac-post-slides\">\r\n\t<div class=\"wppsac-post-list\">\r\n\t\t<div class=\"wppsac-post-list-content\">\r\n\t\t\t\t\t\t<div class=\"wp-medium-5 wpcolumns\">\r\n\t\t\t\t<div class=\"wppsac-post-image-bg\">\r\n\t\t\t\t\t<a href=\"https:\/\/eei-ks.org\/?p=575\">\r\n\t\t\t\t\t\t<img decoding=\"async\" class=\"wppsac-post-image\"  src=\"https:\/\/eei-ks.org\/wp-content\/uploads\/2026\/04\/645582201_122260901546040198_8070723182066904404_n.jpg\" alt=\"M\u00ebsimdh\u00ebn\u00ebsit nga tri komuna bashkohen p\u00ebr avancimin e edukimit mediatik n\u00eb Kosov\u00eb\" \/>\r\n\t\t\t\t\t<\/a>\r\n\t\t\t\t<\/div>\r\n\t\t\t<\/div>\r\n\t\t\t\r\n\t\t\t<div class=\" wp-medium-7  wpcolumns\">\r\n\t\t\t\t\t\t\t\t<div class=\"wppsac-post-categories\"><ul class=\"wppsac-post-categories-list\"><li><a href=\"https:\/\/eei-ks.org\/?cat=3\">Lajme<\/a><\/li><\/ul><\/div>\r\n\t\t\t\t\r\n\t\t\t\t<h2 class=\"wppsac-post-title\">\r\n\t\t\t\t\t<a href=\"https:\/\/eei-ks.org\/?p=575\">M\u00ebsimdh\u00ebn\u00ebsit nga tri komuna bashkohen p\u00ebr avancimin e edukimit mediatik n\u00eb Kosov\u00eb<\/a>\r\n\t\t\t\t<\/h2>\r\n\r\n\t\t\t\t\t\t\t\t<div class=\"wppsac-post-date\">\r\n\t\t\t\t\t06\/03\/2026\t\t\t\t<\/div>\r\n\t\t\t\t\t\t\t\t<div class=\"wppsac-post-content\">\r\n\t\t\t\t\t<div class=\"wppsac-sub-content\">Ngjarja e fundit n\u00eb Bibliotek\u00ebn \u201cHivzi Sulejmani\u201d n\u00eb Prishtin\u00eb mblodhi m\u00ebsimdh\u00ebn\u00ebs nga Prishtina, Prizreni dhe Podujeva n\u00eb pun\u00ebtorin\u00eb \u201cEdukimi Mediatik \u2013 Praktikat Nordike n\u00eb Kosov\u00eb\u201d, duke krijuar nj\u00eb hap\u00ebsir\u00eb p\u00ebr reflektim kritik, dialog profesional dhe shk\u00ebmbim p\u00ebrvojash n\u00eb kontekstin dhe nevojat e sistemit arsimor n\u00eb Kosov\u00eb. Mbi 30 m\u00ebsimdh\u00ebn\u00ebs punuan s\u00eb bashku p\u00ebr t\u00eb eksploruar se si p\u00ebrvoja e vendeve nordike n\u00eb edukimin mediatik mund t\u00eb p\u00ebrshtatet n\u00eb m\u00ebnyr\u00eb kuptimplot\u00eb...<\/div>\r\n\r\n\t\t\t\t\t\t\t\t\t\t<a class=\"wppsac-readmorebtn\" href=\"https:\/\/eei-ks.org\/?p=575\">Read More<\/a>\r\n\t\t\t\t\t\t\t\t\t<\/div>\r\n\t\t\t\t\t\t\t<\/div>\r\n\t\t<\/div>\r\n\t<\/div>\r\n<\/div><div class=\"wppsac-post-slides\">\r\n\t<div class=\"wppsac-post-list\">\r\n\t\t<div class=\"wppsac-post-list-content\">\r\n\t\t\t\t\t\t<div class=\"wp-medium-5 wpcolumns\">\r\n\t\t\t\t<div class=\"wppsac-post-image-bg\">\r\n\t\t\t\t\t<a href=\"https:\/\/eei-ks.org\/?p=570\">\r\n\t\t\t\t\t\t<img decoding=\"async\" class=\"wppsac-post-image\"  src=\"https:\/\/eei-ks.org\/wp-content\/uploads\/2026\/04\/2222.jpg\" alt=\"P\u00ebrfundon me sukses programi \u201cTraining of Trainers\u201d p\u00ebr Edukimin Mediatik\" \/>\r\n\t\t\t\t\t<\/a>\r\n\t\t\t\t<\/div>\r\n\t\t\t<\/div>\r\n\t\t\t\r\n\t\t\t<div class=\" wp-medium-7  wpcolumns\">\r\n\t\t\t\t\t\t\t\t<div class=\"wppsac-post-categories\"><ul class=\"wppsac-post-categories-list\"><li><a href=\"https:\/\/eei-ks.org\/?cat=5\">Informata<\/a><\/li><\/ul><\/div>\r\n\t\t\t\t\r\n\t\t\t\t<h2 class=\"wppsac-post-title\">\r\n\t\t\t\t\t<a href=\"https:\/\/eei-ks.org\/?p=570\">P\u00ebrfundon me sukses programi \u201cTraining of Trainers\u201d p\u00ebr Edukimin Mediatik<\/a>\r\n\t\t\t\t<\/h2>\r\n\r\n\t\t\t\t\t\t\t\t<div class=\"wppsac-post-date\">\r\n\t\t\t\t\t02\/03\/2026\t\t\t\t<\/div>\r\n\t\t\t\t\t\t\t\t<div class=\"wppsac-post-content\">\r\n\t\t\t\t\t<div class=\"wppsac-sub-content\">Programi \u201cTraining of Trainers\u201d p\u00ebr Edukimin Mediatik, me Dr. Lauri Palsa si trajner t\u00eb programit, p\u00ebrfundoi me sukses. Tre an\u00ebtar\u00eb t\u00eb stafit t\u00eb Education Empowerment Initiative (EEI) p\u00ebrfunduan me sukses k\u00ebt\u00eb program, duke forcuar kapacitetet profesionale t\u00eb organizat\u00ebs n\u00eb fush\u00ebn e edukimit mediatik. Ky aktivitet u realizua n\u00eb kuad\u00ebr t\u00eb projektit t\u00eb financuar nga K\u00ebshilli Nordik i Ministrave, i implementuar n\u00eb Kosov\u00eb nga Ambasada e Finland\u00ebs, Ambasada e Suedis\u00eb dhe...<\/div>\r\n\r\n\t\t\t\t\t\t\t\t\t\t<a class=\"wppsac-readmorebtn\" href=\"https:\/\/eei-ks.org\/?p=570\">Read More<\/a>\r\n\t\t\t\t\t\t\t\t\t<\/div>\r\n\t\t\t\t\t\t\t<\/div>\r\n\t\t<\/div>\r\n\t<\/div>\r\n<\/div><div class=\"wppsac-post-slides\">\r\n\t<div class=\"wppsac-post-list\">\r\n\t\t<div class=\"wppsac-post-list-content\">\r\n\t\t\t\t\t\t<div class=\"wp-medium-5 wpcolumns\">\r\n\t\t\t\t<div class=\"wppsac-post-image-bg\">\r\n\t\t\t\t\t<a href=\"https:\/\/eei-ks.org\/?p=562\">\r\n\t\t\t\t\t\t<img decoding=\"async\" class=\"wppsac-post-image\"  src=\"https:\/\/eei-ks.org\/wp-content\/uploads\/2026\/04\/1111-1.jpg\" alt=\"Projekti \u201cEdukimi Mediatik \u2013 Ekspertiza Nordike\u201d vazhdon n\u00eb Podujev\u00eb\" \/>\r\n\t\t\t\t\t<\/a>\r\n\t\t\t\t<\/div>\r\n\t\t\t<\/div>\r\n\t\t\t\r\n\t\t\t<div class=\" wp-medium-7  wpcolumns\">\r\n\t\t\t\t\t\t\t\t<div class=\"wppsac-post-categories\"><ul class=\"wppsac-post-categories-list\"><li><a href=\"https:\/\/eei-ks.org\/?cat=4\">Aktivitete<\/a><\/li><\/ul><\/div>\r\n\t\t\t\t\r\n\t\t\t\t<h2 class=\"wppsac-post-title\">\r\n\t\t\t\t\t<a href=\"https:\/\/eei-ks.org\/?p=562\">Projekti \u201cEdukimi Mediatik \u2013 Ekspertiza Nordike\u201d vazhdon n\u00eb Podujev\u00eb<\/a>\r\n\t\t\t\t<\/h2>\r\n\r\n\t\t\t\t\t\t\t\t<div class=\"wppsac-post-date\">\r\n\t\t\t\t\t05\/02\/2026\t\t\t\t<\/div>\r\n\t\t\t\t\t\t\t\t<div class=\"wppsac-post-content\">\r\n\t\t\t\t\t<div class=\"wppsac-sub-content\">Zbatimi i projektit \u201cEdukimi Mediatik \u2013 Ekspertiza Nordike n\u00eb Kosov\u00eb\u201d ka vazhduar edhe n\u00eb Komun\u00ebn e Podujev\u00ebs, ku pat\u00ebm k\u00ebnaq\u00ebsin\u00eb t\u00eb takojm\u00eb m\u00ebsimdh\u00ebn\u00ebsit dhe nx\u00ebn\u00ebsit e shkoll\u00ebs \u201cShaban Shala\u201d, p\u00ebr t\u00eb ndar\u00eb m\u00eb shum\u00eb rreth r\u00ebnd\u00ebsis\u00eb s\u00eb edukimit mediatik n\u00eb arsimin parauniversitar. S\u00eb bashku me Ambasadoren e Finland\u00ebs n\u00eb Kosov\u00eb, Kryetarin e Komun\u00ebs s\u00eb Podujev\u00ebs dhe Konsullin e Norvegjis\u00eb n\u00eb Kosov\u00eb, diskutuam p\u00ebr rolin ky\u00e7 q\u00eb m\u00ebsimdh\u00ebn\u00ebsit kan\u00eb n\u00eb zhvillimin...<\/div>\r\n\r\n\t\t\t\t\t\t\t\t\t\t<a class=\"wppsac-readmorebtn\" href=\"https:\/\/eei-ks.org\/?p=562\">Read More<\/a>\r\n\t\t\t\t\t\t\t\t\t<\/div>\r\n\t\t\t\t\t\t\t<\/div>\r\n\t\t<\/div>\r\n\t<\/div>\r\n<\/div><div class=\"wppsac-post-slides\">\r\n\t<div class=\"wppsac-post-list\">\r\n\t\t<div class=\"wppsac-post-list-content\">\r\n\t\t\t\t\t\t<div class=\"wp-medium-5 wpcolumns\">\r\n\t\t\t\t<div class=\"wppsac-post-image-bg\">\r\n\t\t\t\t\t<a href=\"https:\/\/eei-ks.org\/?p=541\">\r\n\t\t\t\t\t\t<img decoding=\"async\" class=\"wppsac-post-image\"  src=\"https:\/\/eei-ks.org\/wp-content\/uploads\/2026\/04\/999.jpg\" alt=\"G\u00ebzuar 2026!\" \/>\r\n\t\t\t\t\t<\/a>\r\n\t\t\t\t<\/div>\r\n\t\t\t<\/div>\r\n\t\t\t\r\n\t\t\t<div class=\" wp-medium-7  wpcolumns\">\r\n\t\t\t\t\t\t\t\t<div class=\"wppsac-post-categories\"><ul class=\"wppsac-post-categories-list\"><li><a href=\"https:\/\/eei-ks.org\/?cat=5\">Informata<\/a><\/li><\/ul><\/div>\r\n\t\t\t\t\r\n\t\t\t\t<h2 class=\"wppsac-post-title\">\r\n\t\t\t\t\t<a href=\"https:\/\/eei-ks.org\/?p=541\">G\u00ebzuar 2026!<\/a>\r\n\t\t\t\t<\/h2>\r\n\r\n\t\t\t\t\t\t\t\t<div class=\"wppsac-post-date\">\r\n\t\t\t\t\t31\/12\/2025\t\t\t\t<\/div>\r\n\t\t\t\t\t\t\t\t<div class=\"wppsac-post-content\">\r\n\t\t\t\t\t<div class=\"wppsac-sub-content\">Me mir\u00ebnjohje e p\u00ebrmbyllim vitin 2025. Faleminderit t\u00eb gjith\u00eb bashk\u00ebpun\u00ebtor\u00ebve, komunave dhe partner\u00ebve strategjik\u00eb p\u00ebr mb\u00ebshtetjen dhe besimin n\u00eb misionin ton\u00eb. Ky vit tregoi se kur institucionet publike, partner\u00ebt nd\u00ebrkomb\u00ebtar\u00eb dhe shoq\u00ebria civile punojn\u00eb s\u00eb bashku, ndikimi b\u00ebhet i preksh\u00ebm dhe afatgjat\u00eb. Viti 2026 po vjen me projekte edhe m\u00eb t\u00eb m\u00ebdha, m\u00eb t\u00eb guximshme dhe me vizion m\u00eb t\u00eb qart\u00eb\u2014projekte q\u00eb do t\u00eb fuqizojn\u00eb sistemin arsimor, do t\u00eb rrisin...<\/div>\r\n\r\n\t\t\t\t\t\t\t\t\t\t<a class=\"wppsac-readmorebtn\" href=\"https:\/\/eei-ks.org\/?p=541\">Read More<\/a>\r\n\t\t\t\t\t\t\t\t\t<\/div>\r\n\t\t\t\t\t\t\t<\/div>\r\n\t\t<\/div>\r\n\t<\/div>\r\n<\/div><div class=\"wppsac-post-slides\">\r\n\t<div class=\"wppsac-post-list\">\r\n\t\t<div class=\"wppsac-post-list-content\">\r\n\t\t\t\t\t\t<div class=\"wp-medium-5 wpcolumns\">\r\n\t\t\t\t<div class=\"wppsac-post-image-bg\">\r\n\t\t\t\t\t<a href=\"https:\/\/eei-ks.org\/?p=556\">\r\n\t\t\t\t\t\t<img decoding=\"async\" class=\"wppsac-post-image\"  src=\"https:\/\/eei-ks.org\/wp-content\/uploads\/2026\/04\/88881.jpg\" alt=\"Marr\u00ebveshje p\u00ebr sjelljen e ekspertiz\u00ebs nordike n\u00eb arsimin e Kosov\u00ebs\" \/>\r\n\t\t\t\t\t<\/a>\r\n\t\t\t\t<\/div>\r\n\t\t\t<\/div>\r\n\t\t\t\r\n\t\t\t<div class=\" wp-medium-7  wpcolumns\">\r\n\t\t\t\t\t\t\t\t<div class=\"wppsac-post-categories\"><ul class=\"wppsac-post-categories-list\"><li><a href=\"https:\/\/eei-ks.org\/?cat=5\">Informata<\/a><\/li><\/ul><\/div>\r\n\t\t\t\t\r\n\t\t\t\t<h2 class=\"wppsac-post-title\">\r\n\t\t\t\t\t<a href=\"https:\/\/eei-ks.org\/?p=556\">Marr\u00ebveshje p\u00ebr sjelljen e ekspertiz\u00ebs nordike n\u00eb arsimin e Kosov\u00ebs<\/a>\r\n\t\t\t\t<\/h2>\r\n\r\n\t\t\t\t\t\t\t\t<div class=\"wppsac-post-date\">\r\n\t\t\t\t\t30\/12\/2025\t\t\t\t<\/div>\r\n\t\t\t\t\t\t\t\t<div class=\"wppsac-post-content\">\r\n\t\t\t\t\t<div class=\"wppsac-sub-content\">Kjo marr\u00ebveshje sh\u00ebnon nj\u00eb hap t\u00eb r\u00ebnd\u00ebsish\u00ebm p\u00ebr sjelljen e ekspertiz\u00ebs nordike n\u00eb shkollat tona dhe fuqizimin e t\u00eb rinjve me aft\u00ebsi kritike dhe siguri digjitale. Me k\u00ebt\u00eb n\u00ebnshkrim, e mbyllim vitin 2025 me nj\u00eb arritje t\u00eb madhe p\u00ebr EEI dhe p\u00ebr arsimin n\u00eb Kosov\u00eb, duke hapur rrug\u00ebn p\u00ebr bashk\u00ebpunim t\u00eb thelluar me partner\u00ebt nordik\u00eb dhe p\u00ebr sjelljen e modeleve m\u00eb t\u00eb avancuara t\u00eb edukimit mediatik. Z\u00ebvend\u00ebsshefja e Misionit n\u00eb...<\/div>\r\n\r\n\t\t\t\t\t\t\t\t\t\t<a class=\"wppsac-readmorebtn\" href=\"https:\/\/eei-ks.org\/?p=556\">Read More<\/a>\r\n\t\t\t\t\t\t\t\t\t<\/div>\r\n\t\t\t\t\t\t\t<\/div>\r\n\t\t<\/div>\r\n\t<\/div>\r\n<\/div>\t\t\t<\/div>\r\n\t\t<\/div>\r\n\t\n\n\n\n\n<h2>MISSION<\/h2>\n\n<p><b>Mission Statement<\/b><\/br>\nOur mission is based on the belief that education is not just a foundation, but a catalyst for information and professional feedback, which belongs to the community of the individual and only in general. The main focus of EEI is: equality, empowerment and inclusion.\n<\/p>\n\n\n\n\n\n\n\n\n\n\n\n<h2>ABOUT US<\/h2>\n\n<p>Education Empower Initiative EEI is a non-governmental and non-profit organization focused on empowering non-formal education and promoting lifelong learning.\n EEI offers programs and activities to address the various needs and challenges of primary, secondary, and university education, educational education, girls&#8217; education, teachers and teachers through training as well as community friends.\n<\/p>\n\n\n\n\n\n<h2>VISION<\/h2>\n\n<p class=\"MsoNormal\" style=\"margin-top:12.0pt;margin-right:0cm;margin-bottom:\n12.0pt;margin-left:0cm\"><span lang=\"SQ\">&#8220;Our vision is a world where every\nindividual, regardless of gender, religion, or other, should have access to\ntransformed education.&#8221; Through our initiatives, and together with our\ndonor partners, we aim to build a better and fairer future for everyone.<o:p><\/o:p><\/span><\/p>\n\n\n\n\n\n<h2>JOIN US<\/h2>\n\n<p>Our path to empowerment through education needs the influence of volunteers, we invite you all to be a part of it. Whether you choose to volunteer, donate, or feel better, your support can make a difference in the lives of many. Together, we can continue to shift to a bigger, more education-like future. Join our mission to empower the educational system and community with the transformative power of education.<\/p>\n\n\n\n\n\n\n\n\n\n<h2>Organization-wide Shared Programs (EEI)<\/h2>\n\n\n\n<font style=\"vertical-align: inherit;\"><font style=\"vertical-align: inherit;\" class=\"\">In order to alter policy at the local, regional, or national level and enhance the educational system, we conduct research to identify issues relating to education.<\/font><font style=\"vertical-align: inherit;\" class=\"VIpgJd-yAWNEb-VIpgJd-fmcmS-sn54Q\">Turpis n\u00eb eu mi bibendum neque egestas congue quisque.&nbsp;\n\n<\/font><\/font>\n\n\nThrough this program, we hope to raise educational standards by giving schools resources and assistance. This can entail creating classrooms, furnishing them with tables and seats, providing them with books and other instructional materials, and generally upgrading the infrastructure. &nbsp;\n\n\nTeachers receive training to improve their topic knowledge, classroom management, and teaching techniques.&nbsp;\n\n\n\n\nWith the support of scholarships, grants, or other financial aid, this initiative strives to help impoverished kids access school and pay for costs including tuition, books, uniforms, and transportation.&nbsp;\n\n\nWe provide professional training for the community and career assistance, especially for those young people who lack motivation and have no clear career goals, so that they can learn useful skills that may open up prospects for work or entrepreneurship.&nbsp;\n\n\nThe Organization places a high priority on advancing gender equality in education by putting in place initiatives especially for females, such as scholarships, mentorship, and awareness campaigns to break down cultural obstacles.&nbsp;\n\n\n\n\nIn order to foster an encouraging environment for education, we strive to be more integrated into the neighborhood. Parent-teacher associations, neighborhood workshops, and awareness campaigns are a few examples of this.&nbsp;\n\n\nSTEM science projects, workshops on digital resources, and e-learning platforms are examples of educational technology used to increase access to education, particularly in distant or underprivileged locations.&nbsp;\n\n\nBased on the idea that a child&#8217;s general health has an impact on their capacity to learn. Through this program, we host lectures and informational sessions on a range of health-related subjects, including diet, hygiene, reproductive health, drug misuse prevention, and mental health.\nWe will establish health resource centers in schools with the help of our supporters and partners, where students and teachers may access health-related information and essential instructional tools.\n&nbsp;\n\n\n\n\nBased on the idea that a child&#8217;s general health has an impact on their capacity to learn. Through this program, we host lectures and informational sessions on a range of health-related subjects, including diet, hygiene, reproductive health, drug misuse prevention, and mental health.\nWe will establish health resource centers in schools with the help of our supporters and partners, where students and teachers may access health-related information and essential instructional tools.\n&nbsp;\n\n\nWe offer initiatives that support inclusive educational methods and cater to the requirements of students with disabilities.&nbsp;\n\n\nStudents receive instruction on environmental sustainability and preservation, which fosters in them a sense of responsibility for the earth and the activation of new projects.\nWe will establish health resource centers in schools with the help of our supporters and partners, where students and teachers may access health-related information and essential instructional tools.\n&nbsp;\n\n\n\n\n\n\n\n\n\n\n\n\n<p>Educating for Change:\n<br>Pioneering Research and Advocacy in Education.<\/p><p><br><\/p><p><br><\/p>\n\n\n\n<p>Empowering Tomorrow&#8217;s Innovators: Bridging the Gap through STEM Education<\/p>\n\n\n\n\n\n\n\n<p>Promoting Wellness, One Lesson at a Time: A Health Education Commitment.<\/p>\n\n\n\n\n<p>Breaking Stigmas, Building Resilience: Fostering Mental Health Education.<\/p>\n\n\n\n<p>Preserving Traditions, Nurturing Understanding: Celebrating Cultural Education<\/p>\n\n\n\n\n\n\n\n<p>Protecting Our Planet, One Lesson at a Time: Environmental Education for a Sustainabe Future.<\/p>\n\n\n\n\n","protected":false},"excerpt":{"rendered":"","protected":false},"author":1,"featured_media":0,"parent":0,"menu_order":0,"comment_status":"closed","ping_status":"closed","template":"","meta":{"pagelayer_contact_templates":[],"_pagelayer_content":"","footnotes":""},"class_list":["post-18","page","type-page","status-publish","hentry"],"yoast_head":"<!-- This site is optimized with the Yoast SEO plugin v27.5 - https:\/\/yoast.com\/product\/yoast-seo-wordpress\/ -->\n<title>Ballina - EEI - Education Empowerment Initiative<\/title>\n<meta name=\"robots\" content=\"index, follow, max-snippet:-1, max-image-preview:large, max-video-preview:-1\" \/>\n<link rel=\"canonical\" href=\"https:\/\/eei-ks.org\/\" \/>\n<meta property=\"og:locale\" content=\"en_US\" \/>\n<meta property=\"og:type\" content=\"article\" \/>\n<meta property=\"og:title\" content=\"Ballina - EEI - Education Empowerment Initiative\" \/>\n<meta property=\"og:url\" content=\"https:\/\/eei-ks.org\/\" \/>\n<meta property=\"og:site_name\" content=\"EEI - Education Empowerment Initiative\" \/>\n<meta property=\"article:modified_time\" content=\"2023-12-28T10:43:03+00:00\" \/>\n<meta name=\"twitter:card\" content=\"summary_large_image\" \/>\n<meta name=\"twitter:label1\" content=\"Est. reading time\" \/>\n\t<meta name=\"twitter:data1\" content=\"4 minutes\" \/>\n<script type=\"application\/ld+json\" class=\"yoast-schema-graph\">{\"@context\":\"https:\\\/\\\/schema.org\",\"@graph\":[{\"@type\":\"WebPage\",\"@id\":\"https:\\\/\\\/eei-ks.org\\\/\",\"url\":\"https:\\\/\\\/eei-ks.org\\\/\",\"name\":\"Ballina - EEI - Education Empowerment Initiative\",\"isPartOf\":{\"@id\":\"https:\\\/\\\/eei-ks.org\\\/#website\"},\"datePublished\":\"2023-10-11T12:00:44+00:00\",\"dateModified\":\"2023-12-28T10:43:03+00:00\",\"breadcrumb\":{\"@id\":\"https:\\\/\\\/eei-ks.org\\\/#breadcrumb\"},\"inLanguage\":\"en-US\",\"potentialAction\":[{\"@type\":\"ReadAction\",\"target\":[\"https:\\\/\\\/eei-ks.org\\\/\"]}]},{\"@type\":\"BreadcrumbList\",\"@id\":\"https:\\\/\\\/eei-ks.org\\\/#breadcrumb\",\"itemListElement\":[{\"@type\":\"ListItem\",\"position\":1,\"name\":\"Home\",\"item\":\"https:\\\/\\\/eei-ks.org\\\/\"},{\"@type\":\"ListItem\",\"position\":2,\"name\":\"Ballina\"}]},{\"@type\":\"WebSite\",\"@id\":\"https:\\\/\\\/eei-ks.org\\\/#website\",\"url\":\"https:\\\/\\\/eei-ks.org\\\/\",\"name\":\"EEI - Education Empowerment Initiative\",\"description\":\"\",\"potentialAction\":[{\"@type\":\"SearchAction\",\"target\":{\"@type\":\"EntryPoint\",\"urlTemplate\":\"https:\\\/\\\/eei-ks.org\\\/?s={search_term_string}\"},\"query-input\":{\"@type\":\"PropertyValueSpecification\",\"valueRequired\":true,\"valueName\":\"search_term_string\"}}],\"inLanguage\":\"en-US\"}]}<\/script>\n<!-- \/ Yoast SEO plugin. -->","yoast_head_json":{"title":"Ballina - EEI - Education Empowerment Initiative","robots":{"index":"index","follow":"follow","max-snippet":"max-snippet:-1","max-image-preview":"max-image-preview:large","max-video-preview":"max-video-preview:-1"},"canonical":"https:\/\/eei-ks.org\/","og_locale":"en_US","og_type":"article","og_title":"Ballina - EEI - Education Empowerment Initiative","og_url":"https:\/\/eei-ks.org\/","og_site_name":"EEI - Education Empowerment Initiative","article_modified_time":"2023-12-28T10:43:03+00:00","twitter_card":"summary_large_image","twitter_misc":{"Est. reading time":"4 minutes"},"schema":{"@context":"https:\/\/schema.org","@graph":[{"@type":"WebPage","@id":"https:\/\/eei-ks.org\/","url":"https:\/\/eei-ks.org\/","name":"Ballina - EEI - Education Empowerment Initiative","isPartOf":{"@id":"https:\/\/eei-ks.org\/#website"},"datePublished":"2023-10-11T12:00:44+00:00","dateModified":"2023-12-28T10:43:03+00:00","breadcrumb":{"@id":"https:\/\/eei-ks.org\/#breadcrumb"},"inLanguage":"en-US","potentialAction":[{"@type":"ReadAction","target":["https:\/\/eei-ks.org\/"]}]},{"@type":"BreadcrumbList","@id":"https:\/\/eei-ks.org\/#breadcrumb","itemListElement":[{"@type":"ListItem","position":1,"name":"Home","item":"https:\/\/eei-ks.org\/"},{"@type":"ListItem","position":2,"name":"Ballina"}]},{"@type":"WebSite","@id":"https:\/\/eei-ks.org\/#website","url":"https:\/\/eei-ks.org\/","name":"EEI - Education Empowerment Initiative","description":"","potentialAction":[{"@type":"SearchAction","target":{"@type":"EntryPoint","urlTemplate":"https:\/\/eei-ks.org\/?s={search_term_string}"},"query-input":{"@type":"PropertyValueSpecification","valueRequired":true,"valueName":"search_term_string"}}],"inLanguage":"en-US"}]}},"_links":{"self":[{"href":"https:\/\/eei-ks.org\/index.php?rest_route=\/wp\/v2\/pages\/18","targetHints":{"allow":["GET"]}}],"collection":[{"href":"https:\/\/eei-ks.org\/index.php?rest_route=\/wp\/v2\/pages"}],"about":[{"href":"https:\/\/eei-ks.org\/index.php?rest_route=\/wp\/v2\/types\/page"}],"author":[{"embeddable":true,"href":"https:\/\/eei-ks.org\/index.php?rest_route=\/wp\/v2\/users\/1"}],"replies":[{"embeddable":true,"href":"https:\/\/eei-ks.org\/index.php?rest_route=%2Fwp%2Fv2%2Fcomments&post=18"}],"version-history":[{"count":37,"href":"https:\/\/eei-ks.org\/index.php?rest_route=\/wp\/v2\/pages\/18\/revisions"}],"predecessor-version":[{"id":394,"href":"https:\/\/eei-ks.org\/index.php?rest_route=\/wp\/v2\/pages\/18\/revisions\/394"}],"wp:attachment":[{"href":"https:\/\/eei-ks.org\/index.php?rest_route=%2Fwp%2Fv2%2Fmedia&parent=18"}],"curies":[{"name":"wp","href":"https:\/\/api.w.org\/{rel}","templated":true}]}}