{"id":15,"date":"2023-10-11T12:00:43","date_gmt":"2023-10-11T12:00:43","guid":{"rendered":"https:\/\/eei-ks.org\/?page_id=15"},"modified":"2023-10-11T20:21:40","modified_gmt":"2023-10-11T20:21:40","slug":"blog","status":"publish","type":"page","link":"https:\/\/eei-ks.org\/?page_id=15","title":{"rendered":"Lajme"},"content":{"rendered":"\n\n\n<div class=\"pt-cv-wrapper\"><div class=\"pt-cv-view pt-cv-grid pt-cv-colsys\" id=\"pt-cv-view-7a0592b6j8\"><div data-id=\"pt-cv-page-1\" class=\"pt-cv-page\" data-cvc=\"2\"><div class=\"col-md-6 col-sm-6 col-xs-12 pt-cv-content-item pt-cv-1-col\" ><div class='pt-cv-ifield'><a href=\"https:\/\/eei-ks.org\/?p=575\" class=\"_self pt-cv-href-thumbnail pt-cv-thumb-default\" target=\"_self\" ><img loading=\"lazy\" decoding=\"async\" width=\"300\" height=\"117\" src=\"https:\/\/eei-ks.org\/wp-content\/uploads\/2026\/04\/645582201_122260901546040198_8070723182066904404_n-300x117.jpg\" class=\"pt-cv-thumbnail\" alt=\"\" srcset=\"https:\/\/eei-ks.org\/wp-content\/uploads\/2026\/04\/645582201_122260901546040198_8070723182066904404_n-300x117.jpg 300w, https:\/\/eei-ks.org\/wp-content\/uploads\/2026\/04\/645582201_122260901546040198_8070723182066904404_n-1024x401.jpg 1024w, https:\/\/eei-ks.org\/wp-content\/uploads\/2026\/04\/645582201_122260901546040198_8070723182066904404_n-768x300.jpg 768w, https:\/\/eei-ks.org\/wp-content\/uploads\/2026\/04\/645582201_122260901546040198_8070723182066904404_n-1536x601.jpg 1536w, https:\/\/eei-ks.org\/wp-content\/uploads\/2026\/04\/645582201_122260901546040198_8070723182066904404_n.jpg 1636w\" sizes=\"auto, (max-width: 300px) 100vw, 300px\" \/><\/a>\n<h4 class=\"pt-cv-title\"><a href=\"https:\/\/eei-ks.org\/?p=575\" class=\"_self\" target=\"_self\" >M\u00ebsimdh\u00ebn\u00ebsit nga tri komuna bashkohen p\u00ebr avancimin e edukimit mediatik n\u00eb Kosov\u00eb<\/a><\/h4>\n<div class=\"pt-cv-content\">Ngjarja e fundit n\u00eb Bibliotek\u00ebn \u201cHivzi Sulejmani\u201d n\u00eb Prishtin\u00eb mblodhi m\u00ebsimdh\u00ebn\u00ebs nga Prishtina, Prizreni dhe Podujeva n\u00eb pun\u00ebtorin\u00eb \u201cEdukimi Mediatik ...<br \/><div class=\"pt-cv-rmwrap\"><a href=\"https:\/\/eei-ks.org\/?p=575\" class=\"_self pt-cv-readmore btn btn-success\" target=\"_self\">Read More<\/a><\/div><\/div><\/div><\/div>\n<div class=\"col-md-6 col-sm-6 col-xs-12 pt-cv-content-item pt-cv-1-col\" ><div class='pt-cv-ifield'><a href=\"https:\/\/eei-ks.org\/?p=534\" class=\"_self pt-cv-href-thumbnail pt-cv-thumb-default\" target=\"_self\" ><img loading=\"lazy\" decoding=\"async\" width=\"300\" height=\"200\" src=\"https:\/\/eei-ks.org\/wp-content\/uploads\/2026\/04\/6663-300x200.jpg\" class=\"pt-cv-thumbnail\" alt=\"\" srcset=\"https:\/\/eei-ks.org\/wp-content\/uploads\/2026\/04\/6663-300x200.jpg 300w, https:\/\/eei-ks.org\/wp-content\/uploads\/2026\/04\/6663-1024x683.jpg 1024w, https:\/\/eei-ks.org\/wp-content\/uploads\/2026\/04\/6663-768x512.jpg 768w, https:\/\/eei-ks.org\/wp-content\/uploads\/2026\/04\/6663-1536x1024.jpg 1536w, https:\/\/eei-ks.org\/wp-content\/uploads\/2026\/04\/6663.jpg 2048w\" sizes=\"auto, (max-width: 300px) 100vw, 300px\" \/><\/a>\n<h4 class=\"pt-cv-title\"><a href=\"https:\/\/eei-ks.org\/?p=534\" class=\"_self\" target=\"_self\" >Memorandum bashk\u00ebpunimi p\u00ebr avancimin e edukimit medial me ekspertiz\u00eb nordike<\/a><\/h4>\n<div class=\"pt-cv-content\">Nj\u00eb tjet\u00ebr hap i r\u00ebnd\u00ebsish\u00ebm drejt fuqizimit t\u00eb arsimit n\u00eb Kosov\u00eb p\u00ebrmes ekspertiz\u00ebs nordike. \u00cbsht\u00eb n\u00ebnshkruar memorandum bashk\u00ebpunimi nd\u00ebrmjet Komun\u00ebs ...<br \/><div class=\"pt-cv-rmwrap\"><a href=\"https:\/\/eei-ks.org\/?p=534\" class=\"_self pt-cv-readmore btn btn-success\" target=\"_self\">Read More<\/a><\/div><\/div><\/div><\/div>\n<div class=\"col-md-6 col-sm-6 col-xs-12 pt-cv-content-item pt-cv-1-col\" ><div class='pt-cv-ifield'><a href=\"https:\/\/eei-ks.org\/?p=526\" class=\"_self pt-cv-href-thumbnail pt-cv-thumb-default\" target=\"_self\" ><img loading=\"lazy\" decoding=\"async\" width=\"300\" height=\"200\" src=\"https:\/\/eei-ks.org\/wp-content\/uploads\/2026\/04\/5553-300x200.jpg\" class=\"pt-cv-thumbnail\" alt=\"\" srcset=\"https:\/\/eei-ks.org\/wp-content\/uploads\/2026\/04\/5553-300x200.jpg 300w, https:\/\/eei-ks.org\/wp-content\/uploads\/2026\/04\/5553-1024x682.jpg 1024w, https:\/\/eei-ks.org\/wp-content\/uploads\/2026\/04\/5553-768x512.jpg 768w, https:\/\/eei-ks.org\/wp-content\/uploads\/2026\/04\/5553-1536x1023.jpg 1536w, https:\/\/eei-ks.org\/wp-content\/uploads\/2026\/04\/5553.jpg 1600w\" sizes=\"auto, (max-width: 300px) 100vw, 300px\" \/><\/a>\n<h4 class=\"pt-cv-title\"><a href=\"https:\/\/eei-ks.org\/?p=526\" class=\"_self\" target=\"_self\" >Memorandum bashk\u00ebpunimi p\u00ebr sjelljen e ekspertiz\u00ebs nordike n\u00eb arsimin e Kosov\u00ebs<\/a><\/h4>\n<div class=\"pt-cv-content\">Nj\u00eb hap i r\u00ebnd\u00ebsish\u00ebm drejt sjelljes s\u00eb ekspertiz\u00ebs nordike n\u00eb arsimin e Kosov\u00ebs. Sot u n\u00ebnshkrua Memorandum Bashk\u00ebpunimi me organizat\u00ebn ...<br \/><div class=\"pt-cv-rmwrap\"><a href=\"https:\/\/eei-ks.org\/?p=526\" class=\"_self pt-cv-readmore btn btn-success\" target=\"_self\">Read More<\/a><\/div><\/div><\/div><\/div>\n<div class=\"col-md-6 col-sm-6 col-xs-12 pt-cv-content-item pt-cv-1-col\" ><div class='pt-cv-ifield'><a href=\"https:\/\/eei-ks.org\/?p=492\" class=\"_self pt-cv-href-thumbnail pt-cv-thumb-default\" target=\"_self\" ><img loading=\"lazy\" decoding=\"async\" width=\"300\" height=\"200\" src=\"https:\/\/eei-ks.org\/wp-content\/uploads\/2025\/07\/511185733_122228759504040198_9174238650142350050_n-300x200.jpg\" class=\"pt-cv-thumbnail\" alt=\"\" srcset=\"https:\/\/eei-ks.org\/wp-content\/uploads\/2025\/07\/511185733_122228759504040198_9174238650142350050_n-300x200.jpg 300w, https:\/\/eei-ks.org\/wp-content\/uploads\/2025\/07\/511185733_122228759504040198_9174238650142350050_n-1024x683.jpg 1024w, https:\/\/eei-ks.org\/wp-content\/uploads\/2025\/07\/511185733_122228759504040198_9174238650142350050_n-768x512.jpg 768w, https:\/\/eei-ks.org\/wp-content\/uploads\/2025\/07\/511185733_122228759504040198_9174238650142350050_n-1536x1024.jpg 1536w, https:\/\/eei-ks.org\/wp-content\/uploads\/2025\/07\/511185733_122228759504040198_9174238650142350050_n.jpg 2048w\" sizes=\"auto, (max-width: 300px) 100vw, 300px\" \/><\/a>\n<h4 class=\"pt-cv-title\"><a href=\"https:\/\/eei-ks.org\/?p=492\" class=\"_self\" target=\"_self\" >EEI organizoi Tryez\u00eb t\u00eb Rrumbullak\u00ebt t\u00eb faz\u00ebs s\u00eb par\u00eb t\u00eb projektit \u201cShkollat pa Vape \u2013 Siguria n\u00eb Shkolla\u201d<\/a><\/h4>\n<div class=\"pt-cv-content\">Education Empowerment Initiative (EEI) organizoi n\u00eb Prishtin\u00eb Tryez\u00ebn Rrumbullake p\u00ebrmbyll\u00ebse t\u00eb faz\u00ebs s\u00eb par\u00eb t\u00eb projektit \u201cShkollat pa Vape \u2013 ...<br \/><div class=\"pt-cv-rmwrap\"><a href=\"https:\/\/eei-ks.org\/?p=492\" class=\"_self pt-cv-readmore btn btn-success\" target=\"_self\">Read More<\/a><\/div><\/div><\/div><\/div>\n<div class=\"col-md-6 col-sm-6 col-xs-12 pt-cv-content-item pt-cv-1-col\" ><div class='pt-cv-ifield'><a href=\"https:\/\/eei-ks.org\/?p=463\" class=\"_self pt-cv-href-thumbnail pt-cv-thumb-default\" target=\"_self\" ><img loading=\"lazy\" decoding=\"async\" width=\"300\" height=\"200\" src=\"https:\/\/eei-ks.org\/wp-content\/uploads\/2025\/05\/499822707_122223754772040198_832213417122100850_n-300x200.jpg\" class=\"pt-cv-thumbnail\" alt=\"\" srcset=\"https:\/\/eei-ks.org\/wp-content\/uploads\/2025\/05\/499822707_122223754772040198_832213417122100850_n-300x200.jpg 300w, https:\/\/eei-ks.org\/wp-content\/uploads\/2025\/05\/499822707_122223754772040198_832213417122100850_n-1024x681.jpg 1024w, https:\/\/eei-ks.org\/wp-content\/uploads\/2025\/05\/499822707_122223754772040198_832213417122100850_n-768x511.jpg 768w, https:\/\/eei-ks.org\/wp-content\/uploads\/2025\/05\/499822707_122223754772040198_832213417122100850_n.jpg 1512w\" sizes=\"auto, (max-width: 300px) 100vw, 300px\" \/><\/a>\n<h4 class=\"pt-cv-title\"><a href=\"https:\/\/eei-ks.org\/?p=463\" class=\"_self\" target=\"_self\" >KONFERENCA RAJONALE P\u00cbR SJELLJEN E SIGURT\u00cb T\u00cb F\u00cbMIJ\u00cbVE N\u00cb RRJETET SOCIALE<\/a><\/h4>\n<div class=\"pt-cv-content\">Nj\u00eb ngjarje dyditore n\u00eb Prishtin\u00eb q\u00eb solli s\u00eb bashku 100 pjes\u00ebmarr\u00ebs dhe 35 mysafir\u00eb rajonal\u00eb nga Shqip\u00ebria, Maqedonia e Veriut, ...<br \/><div class=\"pt-cv-rmwrap\"><a href=\"https:\/\/eei-ks.org\/?p=463\" class=\"_self pt-cv-readmore btn btn-success\" target=\"_self\">Read More<\/a><\/div><\/div><\/div><\/div>\n<div class=\"col-md-6 col-sm-6 col-xs-12 pt-cv-content-item pt-cv-1-col\" ><div class='pt-cv-ifield'><a href=\"https:\/\/eei-ks.org\/?p=430\" class=\"_self pt-cv-href-thumbnail pt-cv-thumb-default\" target=\"_self\" ><img loading=\"lazy\" decoding=\"async\" width=\"300\" height=\"256\" src=\"https:\/\/eei-ks.org\/wp-content\/uploads\/2025\/02\/eei2-300x256.jpg\" class=\"pt-cv-thumbnail\" alt=\"\" srcset=\"https:\/\/eei-ks.org\/wp-content\/uploads\/2025\/02\/eei2-300x256.jpg 300w, https:\/\/eei-ks.org\/wp-content\/uploads\/2025\/02\/eei2-1024x875.jpg 1024w, https:\/\/eei-ks.org\/wp-content\/uploads\/2025\/02\/eei2-768x656.jpg 768w, https:\/\/eei-ks.org\/wp-content\/uploads\/2025\/02\/eei2-1536x1313.jpg 1536w, https:\/\/eei-ks.org\/wp-content\/uploads\/2025\/02\/eei2.jpg 2048w\" sizes=\"auto, (max-width: 300px) 100vw, 300px\" \/><\/a>\n<h4 class=\"pt-cv-title\"><a href=\"https:\/\/eei-ks.org\/?p=430\" class=\"_self\" target=\"_self\" >Lajm i Mir\u00eb p\u00ebr Shkollat P\u00ebrfituese t\u00eb Projektit \u201cShkollat pa Vape &#8211; Siguria n\u00eb Shkolla\u201d!<\/a><\/h4>\n<div class=\"pt-cv-content\">Organizata jon\u00eb, Education Empowerment Initiative (EEI), ka n\u00ebnshkruar kontrat\u00ebn p\u00ebr zbatimin dhe implementimin e projektit \u201cShkollat pa Vape - Siguria ...<br \/><div class=\"pt-cv-rmwrap\"><a href=\"https:\/\/eei-ks.org\/?p=430\" class=\"_self pt-cv-readmore btn btn-success\" target=\"_self\">Read More<\/a><\/div><\/div><\/div><\/div>\n<div class=\"col-md-6 col-sm-6 col-xs-12 pt-cv-content-item pt-cv-1-col\" ><div class='pt-cv-ifield'><a href=\"https:\/\/eei-ks.org\/?p=403\" class=\"_self pt-cv-href-thumbnail pt-cv-thumb-default\" target=\"_self\" ><img loading=\"lazy\" decoding=\"async\" width=\"300\" height=\"219\" src=\"https:\/\/eei-ks.org\/wp-content\/uploads\/2024\/10\/464839554_122190261896040198_8284135442716221850_n-e1730286536562-300x219.jpg\" class=\"pt-cv-thumbnail\" alt=\"\" srcset=\"https:\/\/eei-ks.org\/wp-content\/uploads\/2024\/10\/464839554_122190261896040198_8284135442716221850_n-e1730286536562-300x219.jpg 300w, https:\/\/eei-ks.org\/wp-content\/uploads\/2024\/10\/464839554_122190261896040198_8284135442716221850_n-e1730286536562-1024x746.jpg 1024w, https:\/\/eei-ks.org\/wp-content\/uploads\/2024\/10\/464839554_122190261896040198_8284135442716221850_n-e1730286536562-768x559.jpg 768w, https:\/\/eei-ks.org\/wp-content\/uploads\/2024\/10\/464839554_122190261896040198_8284135442716221850_n-e1730286536562.jpg 1112w\" sizes=\"auto, (max-width: 300px) 100vw, 300px\" \/><\/a>\n<h4 class=\"pt-cv-title\"><a href=\"https:\/\/eei-ks.org\/?p=403\" class=\"_self\" target=\"_self\" >Nj\u00eb Hap p\u00ebrpara n\u00eb Bashk\u00ebpunimin me Shkollat p\u00ebr Sigurin\u00eb Digjitale<\/a><\/h4>\n<div class=\"pt-cv-content\">Me k\u00ebnaq\u00ebsi ju njoftojm\u00eb se sot n\u00ebnshkruam marr\u00ebveshjen e bashk\u00ebpunimit midis \"Education Empowerment Initiative\" (EEI) dhe SHFMU \"Xhemajl Mustafa\" p\u00ebr ...<br \/><div class=\"pt-cv-rmwrap\"><a href=\"https:\/\/eei-ks.org\/?p=403\" class=\"_self pt-cv-readmore btn btn-success\" target=\"_self\">Read More<\/a><\/div><\/div><\/div><\/div>\n<div class=\"col-md-6 col-sm-6 col-xs-12 pt-cv-content-item pt-cv-1-col\" ><div class='pt-cv-ifield'><a href=\"https:\/\/eei-ks.org\/?p=390\" class=\"_self pt-cv-href-thumbnail pt-cv-thumb-default\" target=\"_self\" ><img loading=\"lazy\" decoding=\"async\" width=\"300\" height=\"152\" src=\"https:\/\/eei-ks.org\/wp-content\/uploads\/2024\/06\/448927242_122167951592040198_4723241594248262043_n-300x152.jpg\" class=\"pt-cv-thumbnail\" alt=\"\" srcset=\"https:\/\/eei-ks.org\/wp-content\/uploads\/2024\/06\/448927242_122167951592040198_4723241594248262043_n-300x152.jpg 300w, https:\/\/eei-ks.org\/wp-content\/uploads\/2024\/06\/448927242_122167951592040198_4723241594248262043_n-1024x520.jpg 1024w, https:\/\/eei-ks.org\/wp-content\/uploads\/2024\/06\/448927242_122167951592040198_4723241594248262043_n-768x390.jpg 768w, https:\/\/eei-ks.org\/wp-content\/uploads\/2024\/06\/448927242_122167951592040198_4723241594248262043_n.jpg 1080w\" sizes=\"auto, (max-width: 300px) 100vw, 300px\" \/><\/a>\n<h4 class=\"pt-cv-title\"><a href=\"https:\/\/eei-ks.org\/?p=390\" class=\"_self\" target=\"_self\" >Intervista e Drejtoreshes Ekzekutive Blerta Aliu Ahmeti dh\u00ebn\u00eb n\u00eb emisionin INFO PLUS, RTK<\/a><\/h4>\n<div class=\"pt-cv-content\">Drejtorja Ekzekutive, Blerta Aliu Ahmeti, s\u00eb fundmi \u00ebsht\u00eb intervistuar nga emisioni INFO PLUS, RTK ku ka ndar\u00eb informacione rreth Konferenc\u00ebs ...<br \/><div class=\"pt-cv-rmwrap\"><a href=\"https:\/\/eei-ks.org\/?p=390\" class=\"_self pt-cv-readmore btn btn-success\" target=\"_self\">Read More<\/a><\/div><\/div><\/div><\/div>\n<div class=\"col-md-6 col-sm-6 col-xs-12 pt-cv-content-item pt-cv-1-col\" ><div class='pt-cv-ifield'><a href=\"https:\/\/eei-ks.org\/?p=375\" class=\"_self pt-cv-href-thumbnail pt-cv-thumb-default\" target=\"_self\" ><img loading=\"lazy\" decoding=\"async\" width=\"300\" height=\"200\" src=\"https:\/\/eei-ks.org\/wp-content\/uploads\/2024\/06\/eeik13-300x200.jpg\" class=\"pt-cv-thumbnail\" alt=\"\" srcset=\"https:\/\/eei-ks.org\/wp-content\/uploads\/2024\/06\/eeik13-300x200.jpg 300w, https:\/\/eei-ks.org\/wp-content\/uploads\/2024\/06\/eeik13-1024x683.jpg 1024w, https:\/\/eei-ks.org\/wp-content\/uploads\/2024\/06\/eeik13-768x512.jpg 768w, https:\/\/eei-ks.org\/wp-content\/uploads\/2024\/06\/eeik13-1536x1024.jpg 1536w, https:\/\/eei-ks.org\/wp-content\/uploads\/2024\/06\/eeik13.jpg 2048w\" sizes=\"auto, (max-width: 300px) 100vw, 300px\" \/><\/a>\n<h4 class=\"pt-cv-title\"><a href=\"https:\/\/eei-ks.org\/?p=375\" class=\"_self\" target=\"_self\" >Konferenca Rajonale -MediaWise Education<\/a><\/h4>\n<div class=\"pt-cv-content\">Konferenca Rajonale -MediaWise Education Edukimi i Medies Digjitale: Kemi k\u00ebnaq\u00ebsin\u00eb t\u00eb ndajm\u00eb p\u00ebrfundimin e suksessh\u00ebm t\u00eb konferenc\u00ebs rajonale mbi MediaWise ...<br \/><div class=\"pt-cv-rmwrap\"><a href=\"https:\/\/eei-ks.org\/?p=375\" class=\"_self pt-cv-readmore btn btn-success\" target=\"_self\">Read More<\/a><\/div><\/div><\/div><\/div>\n<div class=\"col-md-6 col-sm-6 col-xs-12 pt-cv-content-item pt-cv-1-col\" ><div class='pt-cv-ifield'><a href=\"https:\/\/eei-ks.org\/?p=246\" class=\"_self pt-cv-href-thumbnail pt-cv-thumb-default\" target=\"_self\" ><img loading=\"lazy\" decoding=\"async\" width=\"300\" height=\"169\" src=\"https:\/\/eei-ks.org\/wp-content\/uploads\/2023\/12\/edukimi-mediatik-0-300x169.png\" class=\"pt-cv-thumbnail\" alt=\"\" srcset=\"https:\/\/eei-ks.org\/wp-content\/uploads\/2023\/12\/edukimi-mediatik-0-300x169.png 300w, https:\/\/eei-ks.org\/wp-content\/uploads\/2023\/12\/edukimi-mediatik-0-1024x577.png 1024w, https:\/\/eei-ks.org\/wp-content\/uploads\/2023\/12\/edukimi-mediatik-0-768x433.png 768w, https:\/\/eei-ks.org\/wp-content\/uploads\/2023\/12\/edukimi-mediatik-0-1536x865.png 1536w, https:\/\/eei-ks.org\/wp-content\/uploads\/2023\/12\/edukimi-mediatik-0.png 1640w\" sizes=\"auto, (max-width: 300px) 100vw, 300px\" \/><\/a>\n<h4 class=\"pt-cv-title\"><a href=\"https:\/\/eei-ks.org\/?p=246\" class=\"_self\" target=\"_self\" >R\u00ebnd\u00ebsia e edukimit mediatik p\u00ebr sh\u00ebndetin mendor t\u00eb f\u00ebmij\u00ebve: p\u00ebrvojat nga Finlanda<\/a><\/h4>\n<div class=\"pt-cv-content\">N\u00eb nj\u00eb bot\u00eb gjithnj\u00eb e m\u00eb digjitale, edukimi mediatik \u00ebsht\u00eb b\u00ebr\u00eb aft\u00ebsi jetike, ve\u00e7an\u00ebrisht p\u00ebr f\u00ebmij\u00ebt. Edukimi mediatik i referohet ...<br \/><div class=\"pt-cv-rmwrap\"><a href=\"https:\/\/eei-ks.org\/?p=246\" class=\"_self pt-cv-readmore btn btn-success\" target=\"_self\">Read More<\/a><\/div><\/div><\/div><\/div><\/div><\/div><\/div>\n\n\n","protected":false},"excerpt":{"rendered":"","protected":false},"author":1,"featured_media":0,"parent":0,"menu_order":10,"comment_status":"closed","ping_status":"closed","template":"","meta":{"pagelayer_contact_templates":[],"_pagelayer_content":"","footnotes":""},"class_list":["post-15","page","type-page","status-publish","hentry"],"yoast_head":"<!-- This site is optimized with the Yoast SEO plugin v27.5 - https:\/\/yoast.com\/product\/yoast-seo-wordpress\/ -->\n<title>Lajme - EEI - Education Empowerment Initiative<\/title>\n<meta name=\"robots\" content=\"index, follow, max-snippet:-1, max-image-preview:large, max-video-preview:-1\" \/>\n<link rel=\"canonical\" href=\"https:\/\/eei-ks.org\/?page_id=15\" \/>\n<meta property=\"og:locale\" content=\"en_US\" \/>\n<meta property=\"og:type\" content=\"article\" \/>\n<meta property=\"og:title\" content=\"Lajme - EEI - Education Empowerment Initiative\" \/>\n<meta property=\"og:url\" content=\"https:\/\/eei-ks.org\/?page_id=15\" \/>\n<meta property=\"og:site_name\" content=\"EEI - Education Empowerment Initiative\" \/>\n<meta property=\"article:modified_time\" content=\"2023-10-11T20:21:40+00:00\" \/>\n<meta name=\"twitter:card\" content=\"summary_large_image\" \/>\n<script type=\"application\/ld+json\" class=\"yoast-schema-graph\">{\"@context\":\"https:\\\/\\\/schema.org\",\"@graph\":[{\"@type\":\"WebPage\",\"@id\":\"https:\\\/\\\/eei-ks.org\\\/?page_id=15\",\"url\":\"https:\\\/\\\/eei-ks.org\\\/?page_id=15\",\"name\":\"Lajme - EEI - Education Empowerment Initiative\",\"isPartOf\":{\"@id\":\"https:\\\/\\\/eei-ks.org\\\/#website\"},\"datePublished\":\"2023-10-11T12:00:43+00:00\",\"dateModified\":\"2023-10-11T20:21:40+00:00\",\"breadcrumb\":{\"@id\":\"https:\\\/\\\/eei-ks.org\\\/?page_id=15#breadcrumb\"},\"inLanguage\":\"en-US\",\"potentialAction\":[{\"@type\":\"ReadAction\",\"target\":[\"https:\\\/\\\/eei-ks.org\\\/?page_id=15\"]}]},{\"@type\":\"BreadcrumbList\",\"@id\":\"https:\\\/\\\/eei-ks.org\\\/?page_id=15#breadcrumb\",\"itemListElement\":[{\"@type\":\"ListItem\",\"position\":1,\"name\":\"Home\",\"item\":\"https:\\\/\\\/eei-ks.org\\\/\"},{\"@type\":\"ListItem\",\"position\":2,\"name\":\"Lajme\"}]},{\"@type\":\"WebSite\",\"@id\":\"https:\\\/\\\/eei-ks.org\\\/#website\",\"url\":\"https:\\\/\\\/eei-ks.org\\\/\",\"name\":\"EEI - Education Empowerment Initiative\",\"description\":\"\",\"potentialAction\":[{\"@type\":\"SearchAction\",\"target\":{\"@type\":\"EntryPoint\",\"urlTemplate\":\"https:\\\/\\\/eei-ks.org\\\/?s={search_term_string}\"},\"query-input\":{\"@type\":\"PropertyValueSpecification\",\"valueRequired\":true,\"valueName\":\"search_term_string\"}}],\"inLanguage\":\"en-US\"}]}<\/script>\n<!-- \/ Yoast SEO plugin. -->","yoast_head_json":{"title":"Lajme - EEI - Education Empowerment Initiative","robots":{"index":"index","follow":"follow","max-snippet":"max-snippet:-1","max-image-preview":"max-image-preview:large","max-video-preview":"max-video-preview:-1"},"canonical":"https:\/\/eei-ks.org\/?page_id=15","og_locale":"en_US","og_type":"article","og_title":"Lajme - EEI - Education Empowerment Initiative","og_url":"https:\/\/eei-ks.org\/?page_id=15","og_site_name":"EEI - Education Empowerment Initiative","article_modified_time":"2023-10-11T20:21:40+00:00","twitter_card":"summary_large_image","schema":{"@context":"https:\/\/schema.org","@graph":[{"@type":"WebPage","@id":"https:\/\/eei-ks.org\/?page_id=15","url":"https:\/\/eei-ks.org\/?page_id=15","name":"Lajme - EEI - Education Empowerment Initiative","isPartOf":{"@id":"https:\/\/eei-ks.org\/#website"},"datePublished":"2023-10-11T12:00:43+00:00","dateModified":"2023-10-11T20:21:40+00:00","breadcrumb":{"@id":"https:\/\/eei-ks.org\/?page_id=15#breadcrumb"},"inLanguage":"en-US","potentialAction":[{"@type":"ReadAction","target":["https:\/\/eei-ks.org\/?page_id=15"]}]},{"@type":"BreadcrumbList","@id":"https:\/\/eei-ks.org\/?page_id=15#breadcrumb","itemListElement":[{"@type":"ListItem","position":1,"name":"Home","item":"https:\/\/eei-ks.org\/"},{"@type":"ListItem","position":2,"name":"Lajme"}]},{"@type":"WebSite","@id":"https:\/\/eei-ks.org\/#website","url":"https:\/\/eei-ks.org\/","name":"EEI - Education Empowerment Initiative","description":"","potentialAction":[{"@type":"SearchAction","target":{"@type":"EntryPoint","urlTemplate":"https:\/\/eei-ks.org\/?s={search_term_string}"},"query-input":{"@type":"PropertyValueSpecification","valueRequired":true,"valueName":"search_term_string"}}],"inLanguage":"en-US"}]}},"_links":{"self":[{"href":"https:\/\/eei-ks.org\/index.php?rest_route=\/wp\/v2\/pages\/15","targetHints":{"allow":["GET"]}}],"collection":[{"href":"https:\/\/eei-ks.org\/index.php?rest_route=\/wp\/v2\/pages"}],"about":[{"href":"https:\/\/eei-ks.org\/index.php?rest_route=\/wp\/v2\/types\/page"}],"author":[{"embeddable":true,"href":"https:\/\/eei-ks.org\/index.php?rest_route=\/wp\/v2\/users\/1"}],"replies":[{"embeddable":true,"href":"https:\/\/eei-ks.org\/index.php?rest_route=%2Fwp%2Fv2%2Fcomments&post=15"}],"version-history":[{"count":7,"href":"https:\/\/eei-ks.org\/index.php?rest_route=\/wp\/v2\/pages\/15\/revisions"}],"predecessor-version":[{"id":70,"href":"https:\/\/eei-ks.org\/index.php?rest_route=\/wp\/v2\/pages\/15\/revisions\/70"}],"wp:attachment":[{"href":"https:\/\/eei-ks.org\/index.php?rest_route=%2Fwp%2Fv2%2Fmedia&parent=15"}],"curies":[{"name":"wp","href":"https:\/\/api.w.org\/{rel}","templated":true}]}}